{"id":97,"date":"2023-02-15T09:28:47","date_gmt":"2023-02-15T12:28:47","guid":{"rendered":"https:\/\/www.globalcrossings.com.br\/our-breads\/"},"modified":"2023-06-21T17:49:25","modified_gmt":"2023-06-21T20:49:25","slug":"oieods","status":"publish","type":"page","link":"https:\/\/www.globalcrossings.com.br\/en\/oieods\/","title":{"rendered":"Observat\u00f3rio Interamericano e Europeu dos Objetivos de Desenvolvimento Sustent\u00e1vel\/UFU"},"content":{"rendered":"<div data-elementor-type=\"wp-page\" data-elementor-id=\"97\" class=\"elementor elementor-97\">\n\t\t\t\t\t\t<section class=\"elementor-section elementor-top-section elementor-element elementor-element-d7a2274 elementor-section-boxed elementor-section-height-default elementor-section-height-default\" data-id=\"d7a2274\" data-element_type=\"section\" data-e-type=\"section\">\n\t\t\t\t\t\t<div class=\"elementor-container elementor-column-gap-default\">\n\t\t\t\t\t<div class=\"elementor-column elementor-col-100 elementor-top-column elementor-element elementor-element-b9349b3\" data-id=\"b9349b3\" data-element_type=\"column\" data-e-type=\"column\">\n\t\t\t<div class=\"elementor-widget-wrap elementor-element-populated\">\n\t\t\t\t\t\t<section class=\"elementor-section elementor-inner-section elementor-element elementor-element-37a82e3 elementor-section-boxed elementor-section-height-default elementor-section-height-default\" data-id=\"37a82e3\" data-element_type=\"section\" data-e-type=\"section\">\n\t\t\t\t\t\t<div class=\"elementor-container elementor-column-gap-default\">\n\t\t\t\t\t<div class=\"elementor-column elementor-col-100 elementor-inner-column elementor-element elementor-element-c6e6dec\" data-id=\"c6e6dec\" data-element_type=\"column\" data-e-type=\"column\">\n\t\t\t<div class=\"elementor-widget-wrap elementor-element-populated\">\n\t\t\t\t\t\t<div class=\"elementor-element elementor-element-bd54e3c elementor-widget elementor-widget-spacer\" data-id=\"bd54e3c\" data-element_type=\"widget\" data-e-type=\"widget\" data-widget_type=\"spacer.default\">\n\t\t\t\t<div class=\"elementor-widget-container\">\n\t\t\t\t\t\t\t<div class=\"elementor-spacer\">\n\t\t\t<div class=\"elementor-spacer-inner\"><\/div>\n\t\t<\/div>\n\t\t\t\t\t\t<\/div>\n\t\t\t\t<\/div>\n\t\t\t\t\t<\/div>\n\t\t<\/div>\n\t\t\t\t\t<\/div>\n\t\t<\/section>\n\t\t\t\t<div class=\"elementor-element elementor-element-07dd41e elementor-invisible elementor-widget elementor-widget-heading\" data-id=\"07dd41e\" data-element_type=\"widget\" data-e-type=\"widget\" data-settings=\"{&quot;_animation&quot;:&quot;fadeInUp&quot;}\" data-widget_type=\"heading.default\">\n\t\t\t\t<div class=\"elementor-widget-container\">\n\t\t\t\t\t<h2 class=\"elementor-heading-title elementor-size-default\">Observat\u00f3rio Interamericano e europeu dos objetivos de desenvolvimento sustent\u00e1vel<\/h2>\t\t\t\t<\/div>\n\t\t\t\t<\/div>\n\t\t\t\t<div class=\"elementor-element elementor-element-2f45820 elementor-widget elementor-widget-text-editor\" data-id=\"2f45820\" data-element_type=\"widget\" data-e-type=\"widget\" data-widget_type=\"text-editor.default\">\n\t\t\t\t<div class=\"elementor-widget-container\">\n\t\t\t\t\t\t\t\t\t<p><img fetchpriority=\"high\" decoding=\"async\" class=\"size-medium wp-image-420 alignright\" src=\"https:\/\/www.globalcrossings.com.br\/wp-content\/uploads\/2023\/03\/logofinal_fundotransparente-300x300.png\" alt=\"\" width=\"300\" height=\"300\" srcset=\"https:\/\/www.globalcrossings.com.br\/wp-content\/uploads\/2023\/03\/logofinal_fundotransparente-300x300.png 300w, https:\/\/www.globalcrossings.com.br\/wp-content\/uploads\/2023\/03\/logofinal_fundotransparente-1024x1024.png 1024w, https:\/\/www.globalcrossings.com.br\/wp-content\/uploads\/2023\/03\/logofinal_fundotransparente-150x150.png 150w, https:\/\/www.globalcrossings.com.br\/wp-content\/uploads\/2023\/03\/logofinal_fundotransparente-768x768.png 768w, https:\/\/www.globalcrossings.com.br\/wp-content\/uploads\/2023\/03\/logofinal_fundotransparente-1536x1536.png 1536w, https:\/\/www.globalcrossings.com.br\/wp-content\/uploads\/2023\/03\/logofinal_fundotransparente-2048x2048.png 2048w, https:\/\/www.globalcrossings.com.br\/wp-content\/uploads\/2023\/03\/logofinal_fundotransparente-12x12.png 12w\" sizes=\"(max-width: 300px) 100vw, 300px\" \/>O Observat\u00f3rio Interamericano e Europeu para os Objetivos do Desenvolvimento Sustent\u00e1vel da Universidade Federal de Uberl\u00e2ndia- OIESDG-UFU, \u00e9 um grupo de pesquisa que integra a C\u00e1tedra Jean MonNet, por meio do Projeto Global Crossing, sob a coordena\u00e7\u00e3o da Prof.a Dra. Cl\u00e1udia Loureiro.<\/p><p>O OIEODS-UFU tem sua atua\u00e7\u00e3o, como o pr\u00f3prio nome indica, atrav\u00e9s de uma din\u00e2mica de observat\u00f3rio de pesquisa e tem como objetivos a forma\u00e7\u00e3o de pesquisadores na tem\u00e1tica direitos humanos sob vi\u00e9s do desenvolvimento sustent\u00e1vel em uma invers\u00e3o da l\u00f3gica antropoc\u00eantrica, monitorar e divulgar discuss\u00f5es sob a tem\u00e1tica, produzir conte\u00fado relacionado ao tema voltado a comunidade acad\u00eamica e a sociedade em de forma acess\u00edvel e realizar contribui\u00e7\u00e3o constru\u00e7\u00e3o de uma nova consci\u00eancia.<\/p><p>Objetivos do Desenvolvimento Sustent\u00e1vel-ODS, em ingl\u00eas Sustainable Development Goals, consistem em um esfor\u00e7o capitaneado pela ONU e que contou com a participa\u00e7\u00e3o de pa\u00edses de diferentes regi\u00f5es do globo, para por meio dos 17 Objetivos e 169 metas a serem alcan\u00e7adas at\u00e9 2030, para proporcionar a altera\u00e7\u00e3o das din\u00e2micas que resultam no atual quadro de degrada\u00e7\u00e3o ambiental que colocam em s\u00e9rio risco a manuten\u00e7\u00e3o da vida no planeta.<\/p><p>O conjunto formado pelo antropoceno por meio dos processos de globaliza\u00e7\u00e3o e o arrefecimento das mudan\u00e7as clim\u00e1ticas e seus desdobramentos denotam a artificialidade das divis\u00f5es por pa\u00edses, etnias, religi\u00f5es e modos culturais e apontam para a exist\u00eancia de uma comunidade humana igual em dignidade e para necessidade coopera\u00e7\u00e3o fraterna como \u00fanica forma de viabilizar a continuidade de vida na Terra.<\/p><p>Considerando os desafios colocados, o grupo de pesquisadores OIEODS-UFU \u00e9 composto por pessoas de diversas forma\u00e7\u00f5es acad\u00eamicas e distintos n\u00edveis de titula\u00e7\u00e3o, ligados a UFU e a outras IES, em diferentes regi\u00f5es do Brasil.<\/p><p>Ao longo dos ciclos de estudo tem\u00e1ticas de interface com direitos humanos, sustentabilidade e desenvolvimento como mudan\u00e7as clim\u00e1ticas, decis\u00f5es e recomenda\u00e7\u00f5es dos sistemas de prote\u00e7\u00e3o de direitos humanos, atua\u00e7\u00e3o de ONG, produ\u00e7\u00f5es de comunidade acad\u00eamicas, deslocados ambientais s\u00e3o objeto de aprofundamento.<\/p><p>O OIEODS\/UFU tem uma conta no Instagram, onde realiza posts, em formato de pocket textos, contendo temas de interesse da coletividade, com a finalidade de atingir o maior p\u00fablico poss\u00edvel.<\/p><p>A conta do Instagram do Observat\u00f3rio pode ser conferida no link: <a href=\"https:\/\/instagram.com\/observatorioieods\/\">https:\/\/instagram.com\/observatorioieods\/<\/a><\/p><p>O Observat\u00f3rio j\u00e1 realizou as seguintes postagens:<\/p>\t\t\t\t\t\t\t\t<\/div>\n\t\t\t\t<\/div>\n\t\t\t\t<section class=\"elementor-section elementor-inner-section elementor-element elementor-element-e5ce7c3 elementor-section-boxed elementor-section-height-default elementor-section-height-default\" data-id=\"e5ce7c3\" data-element_type=\"section\" data-e-type=\"section\">\n\t\t\t\t\t\t<div class=\"elementor-container elementor-column-gap-default\">\n\t\t\t\t\t<div class=\"elementor-column elementor-col-50 elementor-inner-column elementor-element elementor-element-3758e2b\" data-id=\"3758e2b\" data-element_type=\"column\" data-e-type=\"column\">\n\t\t\t<div class=\"elementor-widget-wrap elementor-element-populated\">\n\t\t\t\t\t\t<div class=\"elementor-element elementor-element-991b42b elementor-widget elementor-widget-image\" data-id=\"991b42b\" data-element_type=\"widget\" data-e-type=\"widget\" data-widget_type=\"image.default\">\n\t\t\t\t<div class=\"elementor-widget-container\">\n\t\t\t\t\t\t\t\t\t\t\t\t\t\t\t<img decoding=\"async\" width=\"800\" height=\"798\" src=\"https:\/\/www.globalcrossings.com.br\/wp-content\/uploads\/2023\/06\/qa-1024x1022.jpg\" class=\"attachment-large size-large wp-image-636\" alt=\"\" srcset=\"https:\/\/www.globalcrossings.com.br\/wp-content\/uploads\/2023\/06\/qa-1024x1022.jpg 1024w, https:\/\/www.globalcrossings.com.br\/wp-content\/uploads\/2023\/06\/qa-300x300.jpg 300w, https:\/\/www.globalcrossings.com.br\/wp-content\/uploads\/2023\/06\/qa-150x150.jpg 150w, https:\/\/www.globalcrossings.com.br\/wp-content\/uploads\/2023\/06\/qa-768x766.jpg 768w, https:\/\/www.globalcrossings.com.br\/wp-content\/uploads\/2023\/06\/qa-12x12.jpg 12w, https:\/\/www.globalcrossings.com.br\/wp-content\/uploads\/2023\/06\/qa.jpg 1242w\" sizes=\"(max-width: 800px) 100vw, 800px\" \/>\t\t\t\t\t\t\t\t\t\t\t\t\t\t\t<\/div>\n\t\t\t\t<\/div>\n\t\t\t\t\t<\/div>\n\t\t<\/div>\n\t\t\t\t<div class=\"elementor-column elementor-col-50 elementor-inner-column elementor-element elementor-element-26f8b47\" data-id=\"26f8b47\" data-element_type=\"column\" data-e-type=\"column\">\n\t\t\t<div class=\"elementor-widget-wrap elementor-element-populated\">\n\t\t\t\t\t\t<div class=\"elementor-element elementor-element-607b7f5 elementor-widget elementor-widget-image\" data-id=\"607b7f5\" data-element_type=\"widget\" data-e-type=\"widget\" data-widget_type=\"image.default\">\n\t\t\t\t<div class=\"elementor-widget-container\">\n\t\t\t\t\t\t\t\t\t\t\t\t\t\t\t<img decoding=\"async\" width=\"774\" height=\"1024\" src=\"https:\/\/www.globalcrossings.com.br\/wp-content\/uploads\/2023\/06\/a-774x1024.jpg\" class=\"attachment-large size-large wp-image-637\" alt=\"\" srcset=\"https:\/\/www.globalcrossings.com.br\/wp-content\/uploads\/2023\/06\/a-774x1024.jpg 774w, https:\/\/www.globalcrossings.com.br\/wp-content\/uploads\/2023\/06\/a-227x300.jpg 227w, https:\/\/www.globalcrossings.com.br\/wp-content\/uploads\/2023\/06\/a-768x1017.jpg 768w, https:\/\/www.globalcrossings.com.br\/wp-content\/uploads\/2023\/06\/a-1160x1536.jpg 1160w, https:\/\/www.globalcrossings.com.br\/wp-content\/uploads\/2023\/06\/a-9x12.jpg 9w, https:\/\/www.globalcrossings.com.br\/wp-content\/uploads\/2023\/06\/a.jpg 1242w\" sizes=\"(max-width: 774px) 100vw, 774px\" \/>\t\t\t\t\t\t\t\t\t\t\t\t\t\t\t<\/div>\n\t\t\t\t<\/div>\n\t\t\t\t\t<\/div>\n\t\t<\/div>\n\t\t\t\t\t<\/div>\n\t\t<\/section>\n\t\t\t\t<div class=\"elementor-element elementor-element-ded832e elementor-widget elementor-widget-spacer\" data-id=\"ded832e\" data-element_type=\"widget\" data-e-type=\"widget\" data-widget_type=\"spacer.default\">\n\t\t\t\t<div class=\"elementor-widget-container\">\n\t\t\t\t\t\t\t<div class=\"elementor-spacer\">\n\t\t\t<div class=\"elementor-spacer-inner\"><\/div>\n\t\t<\/div>\n\t\t\t\t\t\t<\/div>\n\t\t\t\t<\/div>\n\t\t\t\t\t<\/div>\n\t\t<\/div>\n\t\t\t\t\t<\/div>\n\t\t<\/section>\n\t\t\t\t<\/div>","protected":false},"excerpt":{"rendered":"<p>Observat\u00f3rio Interamericano e europeu dos objetivos de desenvolvimento sustent\u00e1vel O Observat\u00f3rio Interamericano e Europeu para os Objetivos do Desenvolvimento Sustent\u00e1vel da Universidade Federal de Uberl\u00e2ndia- OIESDG-UFU, \u00e9 um grupo de pesquisa que integra a C\u00e1tedra Jean MonNet, por meio do Projeto Global Crossing, sob a coordena\u00e7\u00e3o da Prof.a Dra. Cl\u00e1udia Loureiro. O OIEODS-UFU tem sua [&hellip;]<\/p>\n","protected":false},"author":1,"featured_media":0,"parent":0,"menu_order":0,"comment_status":"closed","ping_status":"closed","template":"","meta":{"footnotes":""},"class_list":["post-97","page","type-page","status-publish","hentry"],"_links":{"self":[{"href":"https:\/\/www.globalcrossings.com.br\/en\/wp-json\/wp\/v2\/pages\/97","targetHints":{"allow":["GET"]}}],"collection":[{"href":"https:\/\/www.globalcrossings.com.br\/en\/wp-json\/wp\/v2\/pages"}],"about":[{"href":"https:\/\/www.globalcrossings.com.br\/en\/wp-json\/wp\/v2\/types\/page"}],"author":[{"embeddable":true,"href":"https:\/\/www.globalcrossings.com.br\/en\/wp-json\/wp\/v2\/users\/1"}],"replies":[{"embeddable":true,"href":"https:\/\/www.globalcrossings.com.br\/en\/wp-json\/wp\/v2\/comments?post=97"}],"version-history":[{"count":31,"href":"https:\/\/www.globalcrossings.com.br\/en\/wp-json\/wp\/v2\/pages\/97\/revisions"}],"predecessor-version":[{"id":666,"href":"https:\/\/www.globalcrossings.com.br\/en\/wp-json\/wp\/v2\/pages\/97\/revisions\/666"}],"wp:attachment":[{"href":"https:\/\/www.globalcrossings.com.br\/en\/wp-json\/wp\/v2\/media?parent=97"}],"curies":[{"name":"wp","href":"https:\/\/api.w.org\/{rel}","templated":true}]}}