{"id":88,"date":"2023-02-15T09:28:41","date_gmt":"2023-02-15T12:28:41","guid":{"rendered":"https:\/\/www.globalcrossings.com.br\/our-story\/"},"modified":"2023-06-21T18:48:53","modified_gmt":"2023-06-21T21:48:53","slug":"bbdh","status":"publish","type":"page","link":"https:\/\/www.globalcrossings.com.br\/en\/bbdh\/","title":{"rendered":"Biodireito, Bio\u00e9tica e Direitos Humanos\/UFU"},"content":{"rendered":"<div data-elementor-type=\"wp-page\" data-elementor-id=\"88\" class=\"elementor elementor-88\">\n\t\t\t\t\t\t<section class=\"elementor-section elementor-top-section elementor-element elementor-element-144a1e3 elementor-section-boxed elementor-section-height-default elementor-section-height-default\" data-id=\"144a1e3\" data-element_type=\"section\" data-e-type=\"section\">\n\t\t\t\t\t\t<div class=\"elementor-container elementor-column-gap-default\">\n\t\t\t\t\t<div class=\"elementor-column elementor-col-100 elementor-top-column elementor-element elementor-element-ff7b234\" data-id=\"ff7b234\" data-element_type=\"column\" data-e-type=\"column\">\n\t\t\t<div class=\"elementor-widget-wrap elementor-element-populated\">\n\t\t\t\t\t\t<section class=\"elementor-section elementor-inner-section elementor-element elementor-element-78d7317 elementor-section-boxed elementor-section-height-default elementor-section-height-default\" data-id=\"78d7317\" data-element_type=\"section\" data-e-type=\"section\">\n\t\t\t\t\t\t<div class=\"elementor-container elementor-column-gap-default\">\n\t\t\t\t\t<div class=\"elementor-column elementor-col-100 elementor-inner-column elementor-element elementor-element-8b80ed9\" data-id=\"8b80ed9\" data-element_type=\"column\" data-e-type=\"column\">\n\t\t\t<div class=\"elementor-widget-wrap elementor-element-populated\">\n\t\t\t\t\t\t<div class=\"elementor-element elementor-element-1d1f7d5 elementor-widget elementor-widget-spacer\" data-id=\"1d1f7d5\" data-element_type=\"widget\" data-e-type=\"widget\" data-widget_type=\"spacer.default\">\n\t\t\t\t<div class=\"elementor-widget-container\">\n\t\t\t\t\t\t\t<div class=\"elementor-spacer\">\n\t\t\t<div class=\"elementor-spacer-inner\"><\/div>\n\t\t<\/div>\n\t\t\t\t\t\t<\/div>\n\t\t\t\t<\/div>\n\t\t\t\t<div class=\"elementor-element elementor-element-8ab3e55 elementor-invisible elementor-widget elementor-widget-heading\" data-id=\"8ab3e55\" data-element_type=\"widget\" data-e-type=\"widget\" data-settings=\"{&quot;_animation&quot;:&quot;fadeInUp&quot;}\" data-widget_type=\"heading.default\">\n\t\t\t\t<div class=\"elementor-widget-container\">\n\t\t\t\t\t<h2 class=\"elementor-heading-title elementor-size-default\">Biodireito, Bio\u00e9tica e  Direitos Humanos<\/h2>\t\t\t\t<\/div>\n\t\t\t\t<\/div>\n\t\t\t\t\t<\/div>\n\t\t<\/div>\n\t\t\t\t\t<\/div>\n\t\t<\/section>\n\t\t\t\t<div class=\"elementor-element elementor-element-0dd7ac4 elementor-widget elementor-widget-text-editor\" data-id=\"0dd7ac4\" data-element_type=\"widget\" data-e-type=\"widget\" data-widget_type=\"text-editor.default\">\n\t\t\t\t<div class=\"elementor-widget-container\">\n\t\t\t\t\t\t\t\t\t<p><img fetchpriority=\"high\" decoding=\"async\" class=\"size-medium wp-image-315 alignright\" src=\"https:\/\/www.globalcrossings.com.br\/wp-content\/uploads\/2023\/02\/Logo_reprod1-300x300.png\" alt=\"\" width=\"300\" height=\"300\" srcset=\"https:\/\/www.globalcrossings.com.br\/wp-content\/uploads\/2023\/02\/Logo_reprod1-300x300.png 300w, https:\/\/www.globalcrossings.com.br\/wp-content\/uploads\/2023\/02\/Logo_reprod1-1022x1024.png 1022w, https:\/\/www.globalcrossings.com.br\/wp-content\/uploads\/2023\/02\/Logo_reprod1-150x150.png 150w, https:\/\/www.globalcrossings.com.br\/wp-content\/uploads\/2023\/02\/Logo_reprod1-768x769.png 768w, https:\/\/www.globalcrossings.com.br\/wp-content\/uploads\/2023\/02\/Logo_reprod1-1533x1536.png 1533w, https:\/\/www.globalcrossings.com.br\/wp-content\/uploads\/2023\/02\/Logo_reprod1-12x12.png 12w, https:\/\/www.globalcrossings.com.br\/wp-content\/uploads\/2023\/02\/Logo_reprod1.png 1624w\" sizes=\"(max-width: 300px) 100vw, 300px\" \/>O Grupo de Pesquisa em Biodireito, Bio\u00e9tica e Direitos Humanos, coordenado pela Prof.\u00aa Claudia Loureiro, promove pesquisas que revelem a interface entre Biodireito e Direitos Humanos, buscando, tamb\u00e9m, a interseccionalidade com a Bio\u00e9tica.<\/p><p>O BBDH est\u00e1 integrado \u00e0 C\u00e1tedra Jean Monnet, da Universidade Federal de Uberl\u00e2ndia, Projeto Global Crossings, coordenado pela Profa. Claudia Loureiro.<\/p><p>Dentre os temas pesquisados est\u00e3o a dignidade humana, como valor-fonte dos temas trabalhados, a reprodu\u00e7\u00e3o humana assistida, a terapia g\u00eanica, os princ\u00edpios bio\u00e9ticos, a sustentabilidade do genoma humano, o transhumanismo, dentre outros t\u00f3picos de extrema relev\u00e2ncia para esse ramo do Direito.<\/p><p>O Grupo BBDH j\u00e1 realizou simp\u00f3sios e congressos, publicou uma cartilha sobre o Direito \u00e0 sa\u00fade na pandemia do COVID-19, uma obra coletiva, publicada pelo Instituto Mem\u00f3ria, promoveu uma Oficina de Forma\u00e7\u00e3o sobre a tem\u00e1tica, dentre outras produ\u00e7\u00f5es em andamento.<\/p><p>A percep\u00e7\u00e3o proposta correlaciona n\u00e3o apenas Direito \u00e0s \u00e1reas da Sa\u00fade, mas tamb\u00e9m e, principalmente, aos impactos sociais que estes estudos podem promover. Deste modo, um dos pilares do Grupo, al\u00e9m da pesquisa, \u00e9, de fato, levar o conhecimento, atrav\u00e9s de uma linguagem acess\u00edvel, a todos aqueles que possam, de alguma maneira, utiliz\u00e1-lo.<\/p><p>O BBDH tem uma p\u00e1gina no Instagram, que pode ser conferida no link: <a href=\"https:\/\/instagram.com\/biodireito_bioetica_dh\/\">https:\/\/instagram.com\/biodireito_bioetica_dh\/<\/a><\/p><p>Na p\u00e1gina do Instagram, o BBDH faz posts, em formato de pocket textos, com o intuito de aproximar o tema objeto de pesquisa da sociedade.<\/p><p>Dentre os temas trabalhados pelo grupo e divulgados no Instagram, constam:<\/p><p>\u25cf O que \u00e9 bio\u00e9tica e biodireito?<br \/>Bio\u00e9tica e biodireito s\u00e3o ramos do conhecimento com intr\u00ednseca rela\u00e7\u00e3o por terem como fundamento b\u00e1sico a dignidade humana. Enquanto a bio\u00e9tica tem como principal objetivo conferir um paradigma \u00e9tico \u00e0s ci\u00eancias que atuam com o manejo da vida, o biodireito, sob uma perspectiva, \u00e9 o ramo do direito que regula o direito \u00e0 vida em face dos avan\u00e7os cient\u00edficos.<\/p><p>LOUREIRO, Claudia Regina Magalh\u00e3es. Introdu\u00e7\u00e3o ao Biodireito. S\u00e3o Paulo: Saraiva. 2009.<\/p><p>\u25cf O que \u00e9 Dignidade Humana? O que \u00e9 Bio\u00e9tica? Existe alguma rela\u00e7\u00e3o entre as duas?<\/p><p>O princ\u00edpio da Dignidade Humana e os preceitos que regem a Bio\u00e9tica tem tomado cada vez mais espa\u00e7o n\u00e3o apenas no meio acad\u00eamico, como tamb\u00e9m nas conversas di\u00e1rias, devido ao enorme e r\u00e1pido avan\u00e7o da tecnologia.<br \/>Al\u00e9m disso, a pandemia do Coronavirus tamb\u00e9m tem feito com que toda a humanidade acompanhe mais atentamente como s\u00e3o feitos e testados rem\u00e9dios e vacinas e se esses processos respeitam os princ\u00edpios da Bio\u00e9tica e da Dignidade Humana.<br \/>Com a brilhante relatoria dos nossos membros @borgesyuri1 e @ana_magest , no primeiro encontro do semestre de 2021-2 foram realizadas reflex\u00f5es sobre esses e v\u00e1rios outros assuntos relacionados ao tema.<br \/>E voc\u00ea? O que pensa sobre o assunto?<\/p><p>NOVAES, Jorge Reis. A Dignidade da Pessoa Humana. Coimbra, 2018.<br \/>MACEDO, Jos\u00e9 Jadilson Novaes de. Bio\u00e9tica e Legisla\u00e7\u00e3o. Macei\u00f3, 2012<\/p><p>\u25cf O Grupo de Estudos e Pesquisa em Biodireito indica a obra &#8221; Less than Human&#8221; de David Livingstone Smith.<\/p><p>Quando se pesquisa e estuda Biodireito, percebe-se que \u00e9 uma tem\u00e1tica completamente permeada por preocupa\u00e7\u00f5es com o homem e com a humanidade, por isso, necess\u00e1rio entender o que \u00e9 ser humano e, at\u00e9 mesmo, quem \u00e9 humano.<br \/>Existem indiv\u00edduos menos que humanos? Afinal, o que torna as pessoas humanas?<br \/>Desejamos uma boa leitura a todxs!<\/p><p>Obra indicada: SMITH, David Livingstone. Less than Human. Why we demean, enslave, and exterminate others. New York: St. Martin&#8217;s Griffin, 1953.<\/p><p>\u25cf Baby boy x EUA<br \/>As quest\u00f5es afetas ao Biodireito e aos Direitos Humanos impactam a vida de todos n\u00f3s tanto direta quanto indiretamente, muitas vezes tornando-se em casos judiciais que fixam par\u00e2metros e entendimentos relevantes.<br \/>Dessa forma, apresentamos o caso Baby Boy x EUA, com a relatoria da @izabellavieiranunes, membro do Grupo de Estudos e Pesquisa em Biodireito e Direitos Humanos.<\/p><p>CIDH. Comiss\u00e3o Interamericana de Direitos Humanos. Resolu\u00e7\u00e3o 23\/81. Caso n\u00ba 2141. &#8220;Baby boy&#8221; vs. EUA, 1981. Dispon\u00edvel em: <a href=\"https:\/\/www.cidh.oas.org\/annualrep\/80.81sp\/EstadosUnidos2141.htm\">https:\/\/www.cidh.oas.org\/annualrep\/80.81sp\/EstadosUnidos2141.htm<\/a>.&gt; Acesso em: 17 set. 2020.<\/p><p>\u25cf Afinal, somos diferentes, mas iguais, ou somos diferentes e, por isso, n\u00e3o somos iguais?<br \/>Ao se falar em direitos humanos, devemos trazer para o centro do debate as nossas diferen\u00e7as ou devemos focar no que nos torna iguais?<br \/>Essas foram algumas das quest\u00f5es que os nossos membros refletiram sobre no segundo encontro do Grupo de Estudos e Pesquisa em Biodireito e Direitos Humanos.<br \/>Com a excelente relatoria de @gi_maielli e Alessandra Jord\u00e3o, foi poss\u00edvel um debate rico e cient\u00edfico, embasado nos textos de grandes nomes da \u00e1rea: Pierucci e Ferrajoli.<br \/>E voc\u00ea, o que pensa sobre o assunto?<\/p><p>PIERUCCI, Ant\u00f4nio Fl\u00e1vio. Ciladas da Diferen\u00e7a. S\u00e3o Paulo, 1990.<br \/>FERRAJOLI, Luigi. Igualdad y Diferencia. Madrid, 1999<\/p><p>\u25cf Artavia Murillo e outros x Costa Rica<br \/>Conhe\u00e7a o caso Artavia Murillo e outros x Costa Rica<br \/>Essa caso levou ao debate as quest\u00f5es jur\u00eddicas envolvendo a utiliza\u00e7\u00e3o de t\u00e9cnicas de fertiliza\u00e7\u00e3o in vitro (FIV).<br \/>Para saber um pouco mais, basta arrastar para o lado e acessar o caso na \u00edntegra.<\/p><p>CtIDH. Corte Interamericana de Direitos Humanos. Caso n\u00ba 12.361. Artavia Murillo e outros vs. Costa Rica, 2012. Dispon\u00edvel em <a href=\"https:\/\/www.corteidh.or.cr\/docs\/casos\/articulos\/seriec_257_por.pdf\">https:\/\/www.corteidh.or.cr\/docs\/casos\/articulos\/seriec_257_por.pdf<\/a>. Acesso em: 10 set. 2020.<\/p><p>\u25cf Revista da Faculdade de Direito UFU<br \/>Foi lan\u00e7ada a 49 Ed. da Revista da Faculdade de Direito da UFU!<\/p><p>Essa edi\u00e7\u00e3o contou com um dossi\u00ea evidenciando a Crise Humanit\u00e1ria provocada pela Pandemia de COVID-19 com o Biodireito e os Direitos Humanos organizado pela coordenadora do Grupo de Estudos e Pesquisa em Biodireito e Direitos Humanos: Prof. Claudia Loureiro.<br \/>Parabenizamos a Professora Cl\u00e1udia por toda dedica\u00e7\u00e3o e excel\u00eancia!<\/p><p>Venha conferir na \u00edntegra o dossi\u00ea no link:<br \/><a href=\"http:\/\/www.seer.ufu.br\/index.php\/revistafadir?fbclid=IwAR0YSIaqncoyVNDg1LeIKkEmJ3WwJkUXaho1e4ltfjNVmlnxcf5oUOKiCQM\">http:\/\/www.seer.ufu.br\/index.php\/revistafadir?fbclid=IwAR0YSIaqncoyVNDg1LeIKkEmJ3WwJkUXaho1e4ltfjNVmlnxcf5oUOKiCQM<\/a><\/p><p>\u25cf RHA<br \/>A reprodu\u00e7\u00e3o humana assistida \u00e9 um tema imprescind\u00edvel a ser tratado na atualidade.<br \/>Pensando nisso, o Grupo de Pesquisa em Biodireito e Direitos Humanos pontua algumas informa\u00e7\u00f5es importantes sobre o assunto, inclusive, com a an\u00e1lise do Caso Sofia Vergara.<\/p><p>E voc\u00ea? O que pensa sobre este tema?<\/p><p>\u25cf Terapia g\u00eanica<br \/>Um assunto pol\u00eamico que est\u00e1 ganhando destaque nos \u00faltimos tempos.<br \/>Justamente por isso, trouxemos alguns pontos principais que precisam ser analisados, al\u00e9m de uma indica\u00e7\u00e3o excelente ao final!<\/p><p>N\u00e3o perca a oportunidade e veja esta cl\u00e1ssica produ\u00e7\u00e3o.<\/p><p>\u25cf Bio\u00e9tica cl\u00ednica<br \/>O texto base utilizado, &#8220;Bio\u00e9tica cl\u00ednica na diversidade e a proposta deliberativa de Diego Garcia&#8221;, de Elma Zoboli, nos revela o problematismo moral na pr\u00e1tica cl\u00ednica, bem como a sua import\u00e2ncia diante de casos biom\u00e9dicos em que existem v\u00e1rias formas de agir, por\u00e9m n\u00e3o se sabe qual a melhor alternativa para a situa\u00e7\u00e3o concreta.<br \/>Nesta l\u00f3gica, toda decis\u00e3o de valores, como pondera a autora, implica em deliberar sobre todas os fatos que est\u00e3o ocorrendo, sobre os deveres e os pr\u00f3prios valores que est\u00e3o sendo contrapostos.<br \/>Dessa forma, refletir &#8220;conforme Diego Garcia&#8221; equivale a ampliar os benef\u00edcios em detrimento aos poss\u00edveis malef\u00edcios. Isso, levando em considera\u00e7\u00e3o o respeito m\u00fatuo, a humildade, a mod\u00e9stia intelectual e o desejo de enriquecer a pr\u00f3pria compreens\u00e3o dos fatos por meio da escuta ativa do outro.<br \/>\u00c9 poss\u00edvel concluir que a proposta da autora prop\u00f5e uma an\u00e1lise cr\u00edtica e p\u00fablica das perspectivas, inclusive, aquela pessoal sobre o caso discutido. Assim, deliberar seria, em verdade, um comportamento \u00e9tico e n\u00e3o natural.<br \/>Relatoria feita por @alinemeire_mm<\/p><p>ZOBOLI, Elma. Bio\u00e9tica cl\u00ednica na diversidade: a contribui\u00e7\u00e3o da proposta deliberativa de Diego Garcia. Revista Bioethikos, Centro Universit\u00e1rio S\u00e3o Camilo, v. 6, n. 1, p. 49-57, 2012. Dispon\u00edvel em <a href=\"http:\/\/www.bioetica.org.br\/library\/modulos\/varias_bioeticas\/arquivos\/Varias_Diversidade.pdf\">http:\/\/www.bioetica.org.br\/library\/modulos\/varias_bioeticas\/arquivos\/Varias_Diversidade.pdf<\/a>. Acesso em: 16 mar. 2022.<\/p><p>\u25cf Bio\u00e9tica principialista<br \/>James Childress e Tom Beauchamp s\u00e3o duas grandes refer\u00eancias da Bio\u00e9tica principialista. A teoria por eles desenvolvida apontou solu\u00e7\u00f5es para dilemas \u00e9ticos e morais, utilizando quatro princ\u00edpios basilares: autonomia, justi\u00e7a, benefic\u00eancia e n\u00e3o-malefic\u00eancia, os quais foram amplamente aplicados no \u00e2mbito bio\u00e9tico. Contudo o uso indiscriminado destes princ\u00edpios contribuiu para justificar conjunturas descontextualizadas.<br \/>Na d\u00e9cada de 90, estudos e pesquisas apontaram para uma nova perspectiva da bio\u00e9tica, a saber: a bio\u00e9tica feminista. A bio\u00e9tica feminista surgiu a partir de um duplo movimento de cr\u00edtica \u00e0 bio\u00e9tica principalista, sendo, portanto, a jun\u00e7\u00e3o da \u00f3tica feminista \u00e0 bio\u00e9tica.<br \/>Neste contexto Giligan desenvolveu a ideia de que a eticidade feminina seria, em ess\u00eancia, pautada no cuidar, cujo marco diferenciador seriam os comportamentos diversos entre homens e mulheres. Essa tem\u00e1tica passou a abordar, n\u00e3o s\u00f3 a diferen\u00e7a de abordagem comportamental, mas, sobretudo, os pap\u00e9is de g\u00eanero no contexto bio\u00e9tico. Dessa forma Giligan teve import\u00e2ncia sum\u00e1ria para as incurs\u00f5es da bio\u00e9tica a partir de uma perspectiva plural da \u00e9tica.<br \/>Embora as pesquisas tenham avan\u00e7ado, nem tudo foi ben\u00e9fico, por exemplo para o pesquisador Kuhse, a \u00e9tica de cuidar teve um efeito pernicioso, pois contribuiu para uma divis\u00e3o moral do trabalho baseada na hierarquia de g\u00eanero.<br \/>As pesquisas continuam em torno da bio\u00e9tica feminista, e a conclus\u00e3o, \u00e9, que, cada vez mais, vem se exigindo uma reorganiza\u00e7\u00e3o profunda em sua estrutura pautada, principalmente, na vis\u00e3o bio\u00e9tica pluralista.<br \/>Nesse sentido, a bio\u00e9tica feminista, lastreada pelos fundamentos do pluralismo \u00e9tico, prop\u00f5e uma subvers\u00e3o da ordem cl\u00e1ssica, a fim de democratizar as pesquisas cient\u00edficas, pois inexiste uma \u00e9tica universal aplic\u00e1vel indiscriminadamente a todos os casos.<\/p><p>DINIZ, D\u00e9bora. V\u00c9LEZ, Ana Cristina Gonz\u00e1lez. Bio\u00e9tica feminista: a emerg\u00eancia da diferen\u00e7a. II Feminist Approaches in Bioethics. Tsukuba, Jap\u00e3o. 1998.<\/p><p>\u25cf Confer\u00eancia Estadual Preparat\u00f3ria &#8211; Frente pela vida<br \/>Nosso grupo fazendo hist\u00f3ria!!<br \/>&#8220;A Confer\u00eancia Estadual Preparat\u00f3ria da Universidade Federal de Uberl\u00e2ndia (UFU), parte do calend\u00e1rio da Confer\u00eancia Livre, Democr\u00e1tica e Popular de Sa\u00fade, foi realizada no dia 04 de julho via encontro virtual transmitido no canal do YouTube do Grupo Biodireito, Bio\u00e9tica e Direitos Humanos da UFU, o organizador do evento. O tema da mesa foi &#8220;SUS &#8211; Direito de todos e dever do Estado: o direito \u00e0 sa\u00fade dos imigrantes.&#8221;<br \/>Como o acesso \u00e0 sa\u00fade \u00e9 um direito humano, o SUS contribui para a concretiza\u00e7\u00e3o desse direito devido \u00e0 sua estrutura universal. Partindo desse princ\u00edpio, a reuni\u00e3o teve como resultado um relat\u00f3rio com o mesmo objetivo de &#8220;abordar como o direito humano \u00e0 sa\u00fade est\u00e1 intrinsecamente ligado ao direito ao desenvolvimento, essencial para n\u00e3o deixar ningu\u00e9m para tr\u00e1s, conforme determina a Agenda 2030, inclusive o imigrante indocumentado&#8221;.<br \/>Na conclus\u00e3o, os participantes constru\u00edram cinco propostas para a melhoria de vida dos estrangeiros. Tr\u00eas delas s\u00e3o o desenvolvimento de pol\u00edticas p\u00fablicas de acolhimento mais efetivas a esse grupo vulner\u00e1vel, a capacita\u00e7\u00e3o dos agentes de sa\u00fade p\u00fablica para agir durante atendimento de um imigrante indocumentado e o delineamento de regulamenta\u00e7\u00e3o espec\u00edfica mais clara a respeito dessa comunidade. Leia o documento na \u00edntegra clicando aqui.<br \/>O debate foi sob a coordena\u00e7\u00e3o de Claudia Loureiro, docente da UFU, e do Observat\u00f3rio Interamericano e Europeu dos Objetivos de Desenvolvimento Sustent\u00e1vel\/UFU. Participaram na constru\u00e7\u00e3o do relat\u00f3rio: Cau\u00e3 Souza Silva, Daniel Urias, Izabella Vieira Nunes, Luis Delcides, Marcela Martins Nogueira, Pedro Lucchetti, Teresa Santoro e Vania Soares.&#8221;<\/p><p><a href=\"https:\/\/frentepelavida.org.br\/noticia\/saude-dos-imigrantes-indocumentados-no-brasil-e-tema-de-etapa-preparatoria-de-uberlandia\/554\">https:\/\/frentepelavida.org.br\/noticia\/saude-dos-imigrantes-indocumentados-no-brasil-e-tema-de-etapa-preparatoria-de-uberlandia\/554<\/a><\/p><p>\u25cf Oficina de forma\u00e7\u00e3o em Biodireito, Bio\u00e9tica e Direitos Humanos<br \/>O Grupo de Pesquisa e Extens\u00e3o em Biodireito e Direitos Humanos orgulhosamente apresenta a OFICINA DE FORMA\u00c7\u00c3O EM BIODIREITO, BIO\u00c9TICA E DIREITOS HUMANOS!<br \/>A Oficina tem a finalidade de ampliar o debate, inserindo o profissional e o discente da \u00e1rea da sa\u00fade em sentido amplo e da \u00e1rea jur\u00eddica no contexto das discuss\u00f5es, ofertando a estes um lugar de fala para a reflex\u00e3o a respeito dos impasses que os acompanham no cotidiano do exerc\u00edcio da profiss\u00e3o ou do ensino.<br \/>O objetivo espec\u00edfico da Oficina BBDH \u00e9 ampliar o debate a respeito dos temas que se relacionam com a bio\u00e9tica de fronteira e com a bio\u00e9tica cotidiana, com a discuss\u00e3o de casos que reflitam a realidade do dia-a-dia dos profissionais e dos discentes da \u00e1rea da sa\u00fade em sentido amplo.<\/p><p>\u25cf Reprodu\u00e7\u00e3o Humana Assistida<br \/>O Conselho Federal de Medicina atualizou, neste ano, as orienta\u00e7\u00f5es sobre a Reprodu\u00e7\u00e3o Humana Assistida, atrav\u00e9s da Resolu\u00e7\u00e3o 2.320\/2022. Estes s\u00e3o os principais pontos da nova Resolu\u00e7\u00e3o!<\/p><p>\u25cf T\u00e9cnica CRISPR-CAS9<br \/>E voc\u00ea, j\u00e1 conhece a T\u00e9cnica CRISPR-CAS9? Reunimos os principais pontos para voc\u00eas!<\/p><p class=\"translation-block\">\u25cf Aborto e implica\u00e7\u00f5es jur\u00eddicas<br>Vamos conversar sobre aborto e algumas de suas implica\u00e7\u00f5es jur\u00eddicas?<\/p><p>\u25cf Xenotransplantes<br \/>Dica da semana: Xenotransplantes. Voc\u00ea sabe o que \u00e9?<\/p><p>\u25cf Insemina\u00e7\u00e3o caseira<br \/>A Oficina de Biodireito, Bio\u00e9tica e Direitos Humanos da UFU recebeu hoje (28\/01\/2023) a Profa. Marcela Brey, que nos brindou com uma magn\u00edfica aula sobre Insemina\u00e7\u00e3o Caseira. Muito obrigada @marcelabbrey!<\/p><p>\u25cf Pandemia, epidemia e endemia: voc\u00ea sabe a diferen\u00e7a?<\/p><p>\u25cf 03 anos de GBBDH<br \/>O Grupo Biodireito, Bio\u00e9tica e Direitos Humanos est\u00e1 completando 3 anos e este post \u00e9 para agradecer e para registrar as principais atividades desenvolvidas pelo Grupo, certificado pelo CNPq, que foi criado em 2020, na Universidade Federal de Uberl\u00e2ndia, pela Profa. Claudia Loureiro, que \u00e9 sua Coordenadora Cient\u00edfica. Realizamos 4 Simp\u00f3sios, 1 Congresso, publicamos 1 obra coletiva, 1 Cartilha, realizamos 1 Oficina, fazemos reuni\u00f5es quinzenais para discutir textos, teses e j\u00e1 estamos preparando as atividades do pr\u00f3ximo per\u00edodo.<br \/>Recebemos pesquisadores da UFU e da comunidade externa \u00e0 UFU, tanto do Brasil, como do exterior. Conseguimos ampliar o nosso trabalho e criamos a Cl\u00ednica Humanitas, para prestar assessoria jur\u00eddica \u00e0s pessoas necessitadas e vulner\u00e1veis, no \u00e2mbito do direito \u00e0 sa\u00fade e tamb\u00e9m para o enfrentamento dos efeitos do Covid-19. Al\u00e9m disso, a Cl\u00ednica tamb\u00e9m promover\u00e1 atividades de extens\u00e3o junto \u00e0 sociedade civil.<br \/>Particularmente, eu me sinto muito honrada por poder concretizar o trip\u00e9 da Universidade P\u00fablica, ou seja ensino, pesquisa e extens\u00e3o. Ainda \u00e9 preciso agradecer a TODAS as pessoas, TODAS, sem exce\u00e7\u00e3o, que passaram pelo grupo e que contribu\u00edram com a constru\u00e7\u00e3o dessa hist\u00f3ria linda: discentes da UFU e de outras Universidades, Professores, Pesquisadores que nos atenderam e que ministraram palestras, aulas e comunica\u00e7\u00f5es no \u00e2mbito do nosso grupo.<br \/>Quero agradecer, tamb\u00e9m, todas as pessoas que participaram do I CBBDH: discentes, Professores e Pesquisadores, ouvintes, palestrantes, expositores etc. Para mim, \u00e9 uma grande alegria saber que todas essas pessoas confiaram e apoiaram o meu projeto. Ainda \u00e9 mais gratificante saber que existem tantas pessoas que confiam no meu nome, na minha idoneidade e na minha capacidade de levar adiante a maravilhosa jornada da pesquisa cient\u00edfica, em especial no \u00e2mbito do objeto trabalhado pelo grupo: Biodireito, Bio\u00e9tica e Direitos Humanos. Muito obrigada a todos! Que venham novos projetos e desafios. Se voc\u00ea se interessa pelo meu grupo, escreva para mim: professoraclaudialoureiro@gmail.com, que eu mesma responderei, com o maior prazer. Gratid\u00e3o no meu cora\u00e7\u00e3o a todos e a todas!<\/p><p>\u25cf Conhe\u00e7a um pouco mais sobre a morte digna no Brasil.<\/p><p>\u25cf Cuidados paliativos<\/p><p>\u25cf Hoje, a Oficina do BBDH recebeu a Profa. Ana Elizabeth Lapa Wanderley Cavalcanti que falou sobre LGPD na sa\u00fade: telemedicina, biobancos e tratamento de dados. Foi uma manh\u00e3 repleta de conhecimento. Agradecemos a excelente contribui\u00e7\u00e3o!<\/p><p>\u25cf Cansa\u00e7o existencial<\/p><p>\u25cf Doa\u00e7\u00e3o e transplante de \u00f3rg\u00e3os<\/p><p>\u25cf Hoje finalizamos a nossa Oficina de Biodireito, Bio\u00e9tica e Direitos Humanos com a apresenta\u00e7\u00e3o de Teresa Santoro, sobre Identidade de g\u00eanero, e de Veronica C. Chaves, sobre o legado de Zilda Arns. Foi maravilhoso encerrar a Oficina com duas apresenta\u00e7\u00f5es maravilhosas, de uma pesquisadora experiente e de uma jovem pesquisadora. A pesquisa cient\u00edfica tamb\u00e9m \u00e9 um lugar e uma oportunidade para se construir pontes. Espero ter unido pessoas, pesquisadores e ter oportunizado pontes a todis vcs. Quero agradecer a todos do BBDH por este per\u00edodo, na pessoa de Izabella Vieira, agrade\u00e7o a todos os nossos pesquisadores, palestrantes e ouvintes, pessoas da \u00e1rea da sa\u00fade e do direito. Convido todos a participar do pr\u00f3ximo per\u00edodo, BIODIREITO E CINEMA! Gratid\u00e3o!<\/p><p>\u00a0<\/p>\t\t\t\t\t\t\t\t<\/div>\n\t\t\t\t<\/div>\n\t\t\t\t\t<\/div>\n\t\t<\/div>\n\t\t\t\t\t<\/div>\n\t\t<\/section>\n\t\t\t\t<\/div>","protected":false},"excerpt":{"rendered":"<p>Biodireito, Bio\u00e9tica e Direitos Humanos O Grupo de Pesquisa em Biodireito, Bio\u00e9tica e Direitos Humanos, coordenado pela Prof.\u00aa Claudia Loureiro, promove pesquisas que revelem a interface entre Biodireito e Direitos Humanos, buscando, tamb\u00e9m, a interseccionalidade com a Bio\u00e9tica. O BBDH est\u00e1 integrado \u00e0 C\u00e1tedra Jean Monnet, da Universidade Federal de Uberl\u00e2ndia, Projeto Global Crossings, coordenado [&hellip;]<\/p>\n","protected":false},"author":1,"featured_media":0,"parent":0,"menu_order":0,"comment_status":"closed","ping_status":"closed","template":"","meta":{"footnotes":""},"class_list":["post-88","page","type-page","status-publish","hentry"],"_links":{"self":[{"href":"https:\/\/www.globalcrossings.com.br\/en\/wp-json\/wp\/v2\/pages\/88","targetHints":{"allow":["GET"]}}],"collection":[{"href":"https:\/\/www.globalcrossings.com.br\/en\/wp-json\/wp\/v2\/pages"}],"about":[{"href":"https:\/\/www.globalcrossings.com.br\/en\/wp-json\/wp\/v2\/types\/page"}],"author":[{"embeddable":true,"href":"https:\/\/www.globalcrossings.com.br\/en\/wp-json\/wp\/v2\/users\/1"}],"replies":[{"embeddable":true,"href":"https:\/\/www.globalcrossings.com.br\/en\/wp-json\/wp\/v2\/comments?post=88"}],"version-history":[{"count":22,"href":"https:\/\/www.globalcrossings.com.br\/en\/wp-json\/wp\/v2\/pages\/88\/revisions"}],"predecessor-version":[{"id":680,"href":"https:\/\/www.globalcrossings.com.br\/en\/wp-json\/wp\/v2\/pages\/88\/revisions\/680"}],"wp:attachment":[{"href":"https:\/\/www.globalcrossings.com.br\/en\/wp-json\/wp\/v2\/media?parent=88"}],"curies":[{"name":"wp","href":"https:\/\/api.w.org\/{rel}","templated":true}]}}