{"id":116,"date":"2023-02-15T09:29:04","date_gmt":"2023-02-15T12:29:04","guid":{"rendered":"https:\/\/www.globalcrossings.com.br\/home-3\/"},"modified":"2023-06-21T17:16:10","modified_gmt":"2023-06-21T20:16:10","slug":"home-3","status":"publish","type":"page","link":"https:\/\/www.globalcrossings.com.br\/en\/","title":{"rendered":"Home"},"content":{"rendered":"\t\t<div data-elementor-type=\"wp-page\" data-elementor-id=\"116\" class=\"elementor elementor-116\">\n\t\t\t\t\t\t<section class=\"elementor-section elementor-top-section elementor-element elementor-element-c6ae324 elementor-section-boxed elementor-section-height-default elementor-section-height-default\" data-id=\"c6ae324\" data-element_type=\"section\" data-e-type=\"section\">\n\t\t\t\t\t\t<div class=\"elementor-container elementor-column-gap-default\">\n\t\t\t\t\t<div class=\"elementor-column elementor-col-100 elementor-top-column elementor-element elementor-element-d1b5bef\" data-id=\"d1b5bef\" data-element_type=\"column\" data-e-type=\"column\">\n\t\t\t<div class=\"elementor-widget-wrap elementor-element-populated\">\n\t\t\t\t\t\t<div class=\"elementor-element elementor-element-4fc2e91 elementor-widget elementor-widget-spacer\" data-id=\"4fc2e91\" data-element_type=\"widget\" data-e-type=\"widget\" data-widget_type=\"spacer.default\">\n\t\t\t\t<div class=\"elementor-widget-container\">\n\t\t\t\t\t\t\t<div class=\"elementor-spacer\">\n\t\t\t<div class=\"elementor-spacer-inner\"><\/div>\n\t\t<\/div>\n\t\t\t\t\t\t<\/div>\n\t\t\t\t<\/div>\n\t\t\t\t<div class=\"elementor-element elementor-element-608b825 elementor-widget elementor-widget-heading\" data-id=\"608b825\" data-element_type=\"widget\" data-e-type=\"widget\" data-widget_type=\"heading.default\">\n\t\t\t\t<div class=\"elementor-widget-container\">\n\t\t\t\t\t<h2 class=\"elementor-heading-title elementor-size-xl\">\u00daltimas atividades<\/h2>\t\t\t\t<\/div>\n\t\t\t\t<\/div>\n\t\t\t\t<div class=\"elementor-element elementor-element-24abe07 elementor-widget elementor-widget-ucaddon_uc_card_post_carousel\" data-id=\"24abe07\" data-element_type=\"widget\" data-e-type=\"widget\" data-widget_type=\"ucaddon_uc_card_post_carousel.default\">\n\t\t\t\t<div class=\"elementor-widget-container\">\n\t\t\t\t\t\n<!-- start Post Carousel Lite -->\n\t\t<link id='font-awesome-css' href='https:\/\/www.globalcrossings.com.br\/wp-content\/plugins\/unlimited-elements-for-elementor\/assets_libraries\/font-awesome6\/fontawesome-all.min.css' type='text\/css' rel='stylesheet' >\n\t\t<link id='font-awesome-4-shim-css' href='https:\/\/www.globalcrossings.com.br\/wp-content\/plugins\/unlimited-elements-for-elementor\/assets_libraries\/font-awesome6\/fontawesome-v4-shims.min.css' type='text\/css' rel='stylesheet' >\n\t\t<link id='owl-carousel-css' href='https:\/\/www.globalcrossings.com.br\/wp-content\/plugins\/unlimited-elements-for-elementor\/assets_libraries\/owl-carousel-new\/assets\/owl.carousel.css' type='text\/css' rel='stylesheet' >\n\n<style>\/* widget: Post Carousel Lite *\/\n\n#uc_uc_card_post_carousel_elementor_24abe07 *{\n  box-sizing:border-box;\n}\n#uc_uc_card_post_carousel_elementor_24abe07{\n  position:relative;\n  min-height:1px;\n}\n#uc_uc_card_post_carousel_elementor_24abe07 .uc_image_carousel_content{\n\ttext-align:center;\n    display: flex;\n     flex-flow: column nowrap;\n}\n#uc_uc_card_post_carousel_elementor_24abe07 .ue_post_carousel_item\n{\n  overflow:hidden;\n  \n}\n\n#uc_uc_card_post_carousel_elementor_24abe07 .ue_post_btn_holder\n{\n  margin-top:auto;\n}\n\n#uc_uc_card_post_carousel_elementor_24abe07 .uc_more_btn{\n\n  display:inline-block;\n  text-align:center;\n  text-decoration:none;\n} \n\n.uc_overlay_image_carousel .uc_more_btn{\n  text-decoration:none;\n  display:inline-block;\n}\n\n.uc_overlay_image_carousel .uc_post_title{\n  font-size:21px;\n  text-decoration:none;\n}\n\n#uc_uc_card_post_carousel_elementor_24abe07 .owl-nav .owl-prev{\n    position:absolute;\n    display:inline-block;\n    text-align:center;\n}\n#uc_uc_card_post_carousel_elementor_24abe07 .owl-nav .owl-next{\n  position:absolute;\n  display:inline-block;\n  text-align:center;\n}\n\n\n#uc_uc_card_post_carousel_elementor_24abe07 .owl-dots {\noverflow:hidden;\ndisplay:true !important;\ntext-align:center;\n}\n\n#uc_uc_card_post_carousel_elementor_24abe07 .owl-dot {\nborder-radius:50%;\ndisplay:inline-block;\n}\n\n<\/style>\n\n<div class=\"uc_overlay_image_carousel\" id=\"uc_uc_card_post_carousel_elementor_24abe07\" data-custom-sethtml=\"true\" >\n   <div class=\"uc_carousel owl-carousel owl-theme uc-items-wrapper\">\n   \t\t<div id=\"uc_uc_card_post_carousel_elementor_24abe07_item1\" class=\"uc_image_carousel_container_holder ue_post_carousel_item ue-Newsletter\">\n  <div class=\"uc_image_carousel_placeholder\">\n    <a href=\"https:\/\/www.globalcrossings.com.br\/en\/2025\/11\/03\/pesquisadoras-do-observatorio-interamericano-e-europeu-dos-objetivos-de-desenvolvimento-sustentavel-oieods-analisam-a-situacao-dos-odss-na-uniao-europeia\/\"><div calss=\"uc_image_carousel_bg\" style=\"background-image:url(https:\/\/www.globalcrossings.com.br\/wp-content\/uploads\/2025\/11\/IMG_9211-768x724.jpeg); background-size:cover; background-position:center; height:200px;\"><\/div><\/a>\n  <\/div>\n\n  <div class=\"uc_image_carousel_content\" >\n    <div class=\"ue_post_category\"><a href=\"https:\/\/www.globalcrossings.com.br\/en\/category\/newsletter\/\">Newsletter<\/a><\/div>            <a href=\"https:\/\/www.globalcrossings.com.br\/en\/2025\/11\/03\/pesquisadoras-do-observatorio-interamericano-e-europeu-dos-objetivos-de-desenvolvimento-sustentavel-oieods-analisam-a-situacao-dos-odss-na-uniao-europeia\/\" style=\"text-decoration:none;\"><div class=\"uc_post_title\" style=\"text-decoration:none;\">Pesquisadoras do Observat\u00f3rio Interamericano e Europeu dos Objetivos de Desenvolvimento Sustent\u00e1vel - OIEODS analisam a situa\u00e7\u00e3o dos ODS's na Uni\u00e3o Europeia<\/div><\/a>    <div class=\"ue_post_intro\">ODS NA UNI\u00c3O EUROPEIA\n\n\nKatia Christina Oliveira e Silva[1]\n\n\nSabrina Lehnen Stoll[2]\n\n\nA situa\u00e7\u00e3o dos...<\/div>    <div class=\"ue_post_btn_holder\"><a class=\"uc_more_btn\"  href=\"https:\/\/www.globalcrossings.com.br\/en\/2025\/11\/03\/pesquisadoras-do-observatorio-interamericano-e-europeu-dos-objetivos-de-desenvolvimento-sustentavel-oieods-analisam-a-situacao-dos-odss-na-uniao-europeia\/\">Leia Mais \/ Read More<\/a><\/div>  <\/div>\n<\/div>\n<div id=\"uc_uc_card_post_carousel_elementor_24abe07_item2\" class=\"uc_image_carousel_container_holder ue_post_carousel_item ue-Newsletter\">\n  <div class=\"uc_image_carousel_placeholder\">\n    <a href=\"https:\/\/www.globalcrossings.com.br\/en\/2025\/10\/29\/newsletter-outubro-2025\/\"><div calss=\"uc_image_carousel_bg\" style=\"background-image:url(https:\/\/www.globalcrossings.com.br\/wp-content\/uploads\/2024\/11\/IMG_5733-768x1089.jpeg); background-size:cover; background-position:center; height:200px;\"><\/div><\/a>\n  <\/div>\n\n  <div class=\"uc_image_carousel_content\" >\n    <div class=\"ue_post_category\"><a href=\"https:\/\/www.globalcrossings.com.br\/en\/category\/newsletter\/\">Newsletter<\/a><\/div>            <a href=\"https:\/\/www.globalcrossings.com.br\/en\/2025\/10\/29\/newsletter-outubro-2025\/\" style=\"text-decoration:none;\"><div class=\"uc_post_title\" style=\"text-decoration:none;\">NEWSLETTER OUTUBRO\/2025<\/div><\/a>    <div class=\"ue_post_intro\">ELABORADO PELA PROFA. CLAUDIA LOUREIRO\n\n\nINTRODU\u00c7\u00c3O\n\n\nNeste documento o leitor encontrar\u00e1 algumas not\u00edcias...<\/div>    <div class=\"ue_post_btn_holder\"><a class=\"uc_more_btn\"  href=\"https:\/\/www.globalcrossings.com.br\/en\/2025\/10\/29\/newsletter-outubro-2025\/\">Leia Mais \/ Read More<\/a><\/div>  <\/div>\n<\/div>\n<div id=\"uc_uc_card_post_carousel_elementor_24abe07_item3\" class=\"uc_image_carousel_container_holder ue_post_carousel_item ue-Eventos\">\n  <div class=\"uc_image_carousel_placeholder\">\n    <a href=\"https:\/\/www.globalcrossings.com.br\/en\/2025\/10\/16\/iii-congresso-de-biodireito-bioetica-e-direitos-humanos\/\"><div calss=\"uc_image_carousel_bg\" style=\"background-image:url(https:\/\/www.globalcrossings.com.br\/wp-content\/uploads\/2025\/10\/B828B0CB-6E76-45C5-AA89-A89AE2BF4F3E-768x432.jpeg); background-size:cover; background-position:center; height:200px;\"><\/div><\/a>\n  <\/div>\n\n  <div class=\"uc_image_carousel_content\" >\n    <div class=\"ue_post_category\"><a href=\"https:\/\/www.globalcrossings.com.br\/en\/category\/eventos\/\">Eventos<\/a><\/div>            <a href=\"https:\/\/www.globalcrossings.com.br\/en\/2025\/10\/16\/iii-congresso-de-biodireito-bioetica-e-direitos-humanos\/\" style=\"text-decoration:none;\"><div class=\"uc_post_title\" style=\"text-decoration:none;\">III CONGRESSO DE BIODIREITO, BIO\u00c9TICA E DIREITOS HUMANOS<\/div><\/a>    <div class=\"ue_post_intro\">O Projeto Global Crossings realizou, em 15.10.2025, o III Congresso de Biodireito, Bio\u00e9tica e Direitos...<\/div>    <div class=\"ue_post_btn_holder\"><a class=\"uc_more_btn\"  href=\"https:\/\/www.globalcrossings.com.br\/en\/2025\/10\/16\/iii-congresso-de-biodireito-bioetica-e-direitos-humanos\/\">Leia Mais \/ Read More<\/a><\/div>  <\/div>\n<\/div>\n<div id=\"uc_uc_card_post_carousel_elementor_24abe07_item4\" class=\"uc_image_carousel_container_holder ue_post_carousel_item ue-Not\u00edcias\">\n  <div class=\"uc_image_carousel_placeholder\">\n    <a href=\"https:\/\/www.globalcrossings.com.br\/en\/2025\/10\/16\/projeto-global-crossings-lanca-livro-sobre-o-direito-da-uniao-europeia\/\"><div calss=\"uc_image_carousel_bg\" style=\"background-image:url(https:\/\/www.globalcrossings.com.br\/wp-content\/uploads\/2025\/10\/8F63582B-8196-4B14-8702-C199277758F7.jpeg); background-size:cover; background-position:center; height:200px;\"><\/div><\/a>\n  <\/div>\n\n  <div class=\"uc_image_carousel_content\" >\n    <div class=\"ue_post_category\"><a href=\"https:\/\/www.globalcrossings.com.br\/en\/category\/noticias\/\">Not\u00edcias<\/a><\/div>            <a href=\"https:\/\/www.globalcrossings.com.br\/en\/2025\/10\/16\/projeto-global-crossings-lanca-livro-sobre-o-direito-da-uniao-europeia\/\" style=\"text-decoration:none;\"><div class=\"uc_post_title\" style=\"text-decoration:none;\">PROJETO GLOBAL CROSSINGS LAN\u00c7A LIVRO SOBRE O DIREITO DA UNI\u00c3O EUROPEIA<\/div><\/a>    <div class=\"ue_post_intro\">Comunicamos, com alegria, o lan\u00e7amento da obra &#8220;Direito da Uni\u00e3o Europeia: sinergias entre o sistema...<\/div>    <div class=\"ue_post_btn_holder\"><a class=\"uc_more_btn\"  href=\"https:\/\/www.globalcrossings.com.br\/en\/2025\/10\/16\/projeto-global-crossings-lanca-livro-sobre-o-direito-da-uniao-europeia\/\">Leia Mais \/ Read More<\/a><\/div>  <\/div>\n<\/div>\n<div id=\"uc_uc_card_post_carousel_elementor_24abe07_item5\" class=\"uc_image_carousel_container_holder ue_post_carousel_item ue-Not\u00edcias\">\n  <div class=\"uc_image_carousel_placeholder\">\n    <a href=\"https:\/\/www.globalcrossings.com.br\/en\/2025\/10\/15\/coordenadora-do-projeto-global-crossings-participara-da-cop-30\/\"><div calss=\"uc_image_carousel_bg\" style=\"background-image:url(https:\/\/www.globalcrossings.com.br\/wp-content\/uploads\/2025\/10\/89A29780-0E10-44ED-9167-D621D861316B-768x557.jpeg); background-size:cover; background-position:center; height:200px;\"><\/div><\/a>\n  <\/div>\n\n  <div class=\"uc_image_carousel_content\" >\n    <div class=\"ue_post_category\"><a href=\"https:\/\/www.globalcrossings.com.br\/en\/category\/noticias\/\">Not\u00edcias<\/a><\/div>            <a href=\"https:\/\/www.globalcrossings.com.br\/en\/2025\/10\/15\/coordenadora-do-projeto-global-crossings-participara-da-cop-30\/\" style=\"text-decoration:none;\"><div class=\"uc_post_title\" style=\"text-decoration:none;\">COORDENADORA DO PROJETO GLOBAL CROSSINGS PARTICIPAR\u00c1 DA COP 30<\/div><\/a>    <div class=\"ue_post_intro\">Com alegria, comunicamos que a Coordenadora da C\u00e1tedra Jean Monnet, da Universidade Federal de Uberl\u00e2ndia,...<\/div>    <div class=\"ue_post_btn_holder\"><a class=\"uc_more_btn\"  href=\"https:\/\/www.globalcrossings.com.br\/en\/2025\/10\/15\/coordenadora-do-projeto-global-crossings-participara-da-cop-30\/\">Leia Mais \/ Read More<\/a><\/div>  <\/div>\n<\/div>\n<div id=\"uc_uc_card_post_carousel_elementor_24abe07_item6\" class=\"uc_image_carousel_container_holder ue_post_carousel_item ue-Eventos\">\n  <div class=\"uc_image_carousel_placeholder\">\n    <a href=\"https:\/\/www.globalcrossings.com.br\/en\/2025\/10\/11\/projeto-global-crossings-lanca-exposicao-sobre-mudancas-climaticas\/\"><div calss=\"uc_image_carousel_bg\" style=\"background-image:url(https:\/\/www.globalcrossings.com.br\/wp-content\/uploads\/2025\/10\/IMG_9012-1-768x1024.jpeg); background-size:cover; background-position:center; height:200px;\"><\/div><\/a>\n  <\/div>\n\n  <div class=\"uc_image_carousel_content\" >\n    <div class=\"ue_post_category\"><a href=\"https:\/\/www.globalcrossings.com.br\/en\/category\/eventos\/\">Eventos<\/a><\/div>            <a href=\"https:\/\/www.globalcrossings.com.br\/en\/2025\/10\/11\/projeto-global-crossings-lanca-exposicao-sobre-mudancas-climaticas\/\" style=\"text-decoration:none;\"><div class=\"uc_post_title\" style=\"text-decoration:none;\">PROJETO GLOBAL CROSSINGS LAN\u00c7A EXPOSI\u00c7\u00c3O SOBRE MUDAN\u00c7AS CLIM\u00c1TICAS<\/div><\/a>    <div class=\"ue_post_intro\">O Projeto Global Crossings lan\u00e7a a exposi\u00e7\u00e3o sobre Mudan\u00e7as Clim\u00e1ticas.\n\n\nA exposi\u00e7\u00e3o \u00e9 resultado da...<\/div>    <div class=\"ue_post_btn_holder\"><a class=\"uc_more_btn\"  href=\"https:\/\/www.globalcrossings.com.br\/en\/2025\/10\/11\/projeto-global-crossings-lanca-exposicao-sobre-mudancas-climaticas\/\">Leia Mais \/ Read More<\/a><\/div>  <\/div>\n<\/div>\n<div id=\"uc_uc_card_post_carousel_elementor_24abe07_item7\" class=\"uc_image_carousel_container_holder ue_post_carousel_item ue-Not\u00edcias\">\n  <div class=\"uc_image_carousel_placeholder\">\n    <a href=\"https:\/\/www.globalcrossings.com.br\/en\/2025\/10\/11\/projeto-global-crossings-lanca-documentario-sobre-o-ecocidio\/\"><div calss=\"uc_image_carousel_bg\" style=\"background-image:url(https:\/\/www.globalcrossings.com.br\/wp-content\/uploads\/2025\/10\/daa1b2c3-3df1-4e24-b4fe-7c23bcd7f253-768x768.jpeg); background-size:cover; background-position:center; height:200px;\"><\/div><\/a>\n  <\/div>\n\n  <div class=\"uc_image_carousel_content\" >\n    <div class=\"ue_post_category\"><a href=\"https:\/\/www.globalcrossings.com.br\/en\/category\/noticias\/\">Not\u00edcias<\/a><\/div>            <a href=\"https:\/\/www.globalcrossings.com.br\/en\/2025\/10\/11\/projeto-global-crossings-lanca-documentario-sobre-o-ecocidio\/\" style=\"text-decoration:none;\"><div class=\"uc_post_title\" style=\"text-decoration:none;\">PROJETO GLOBAL CROSSINGS LAN\u00c7A DOCUMENT\u00c1RIO SOBRE O ECOC\u00cdDIO<\/div><\/a>    <div class=\"ue_post_intro\">ECOC\u00cdDIO, INTERESSE DA HUMANIDADE \u00e9 o tema do document\u00e1rio produzido pelo Projeto Global Crossings.\n\n\nCom...<\/div>    <div class=\"ue_post_btn_holder\"><a class=\"uc_more_btn\"  href=\"https:\/\/www.globalcrossings.com.br\/en\/2025\/10\/11\/projeto-global-crossings-lanca-documentario-sobre-o-ecocidio\/\">Leia Mais \/ Read More<\/a><\/div>  <\/div>\n<\/div>\n<div id=\"uc_uc_card_post_carousel_elementor_24abe07_item8\" class=\"uc_image_carousel_container_holder ue_post_carousel_item ue-Not\u00edcias\">\n  <div class=\"uc_image_carousel_placeholder\">\n    <a href=\"https:\/\/www.globalcrossings.com.br\/en\/2025\/10\/10\/projeto-global-crossings-lanca-a-obra-uniao-europeia-em-topicos\/\"><div calss=\"uc_image_carousel_bg\" style=\"background-image:url(https:\/\/www.globalcrossings.com.br\/wp-content\/uploads\/2025\/10\/capa-final-jpg-768x1086.png); background-size:cover; background-position:center; height:200px;\"><\/div><\/a>\n  <\/div>\n\n  <div class=\"uc_image_carousel_content\" >\n    <div class=\"ue_post_category\"><a href=\"https:\/\/www.globalcrossings.com.br\/en\/category\/noticias\/\">Not\u00edcias<\/a><\/div>            <a href=\"https:\/\/www.globalcrossings.com.br\/en\/2025\/10\/10\/projeto-global-crossings-lanca-a-obra-uniao-europeia-em-topicos\/\" style=\"text-decoration:none;\"><div class=\"uc_post_title\" style=\"text-decoration:none;\">PROJETO GLOBAL CROSSINGS LAN\u00c7A A OBRA UNI\u00c3O EUROPEIA EM T\u00d3PICOS<\/div><\/a>    <div class=\"ue_post_intro\">PROJETO GLOBAL CROSSINGS LAN\u00c7A OBRA &#8220;UNI\u00c3O EUROPEIA EM T\u00d3PICOS&#8221;\n\n\nO trabalho ora apresentado...<\/div>    <div class=\"ue_post_btn_holder\"><a class=\"uc_more_btn\"  href=\"https:\/\/www.globalcrossings.com.br\/en\/2025\/10\/10\/projeto-global-crossings-lanca-a-obra-uniao-europeia-em-topicos\/\">Leia Mais \/ Read More<\/a><\/div>  <\/div>\n<\/div>\n<div id=\"uc_uc_card_post_carousel_elementor_24abe07_item9\" class=\"uc_image_carousel_container_holder ue_post_carousel_item ue-Not\u00edcias\">\n  <div class=\"uc_image_carousel_placeholder\">\n    <a href=\"https:\/\/www.globalcrossings.com.br\/en\/2025\/09\/13\/grupo-de-pesquisa-biodireito-bioetica-e-direitos-humanos-lanca-verbetes\/\"><div calss=\"uc_image_carousel_bg\" style=\"background-image:url(https:\/\/www.globalcrossings.com.br\/wp-content\/uploads\/2025\/09\/IMG_8789-768x1095.jpeg); background-size:cover; background-position:center; height:200px;\"><\/div><\/a>\n  <\/div>\n\n  <div class=\"uc_image_carousel_content\" >\n    <div class=\"ue_post_category\"><a href=\"https:\/\/www.globalcrossings.com.br\/en\/category\/noticias\/\">Not\u00edcias<\/a><\/div>            <a href=\"https:\/\/www.globalcrossings.com.br\/en\/2025\/09\/13\/grupo-de-pesquisa-biodireito-bioetica-e-direitos-humanos-lanca-verbetes\/\" style=\"text-decoration:none;\"><div class=\"uc_post_title\" style=\"text-decoration:none;\">GRUPO DE PESQUISA BIODIREITO, BIO\u00c9TICA E DIREITOS HUMANOS LAN\u00c7A VERBETES<\/div><\/a>    <div class=\"ue_post_intro\">Com alegria, compartilhamos com todos o lan\u00e7amento do Projeto VERBETES DE BIODIREITO, BIO\u00c9TICA E DIREITOS...<\/div>    <div class=\"ue_post_btn_holder\"><a class=\"uc_more_btn\"  href=\"https:\/\/www.globalcrossings.com.br\/en\/2025\/09\/13\/grupo-de-pesquisa-biodireito-bioetica-e-direitos-humanos-lanca-verbetes\/\">Leia Mais \/ Read More<\/a><\/div>  <\/div>\n<\/div>\n<div id=\"uc_uc_card_post_carousel_elementor_24abe07_item10\" class=\"uc_image_carousel_container_holder ue_post_carousel_item ue-Newsletter\">\n  <div class=\"uc_image_carousel_placeholder\">\n    <a href=\"https:\/\/www.globalcrossings.com.br\/en\/2025\/08\/20\/coordenadora-e-pesquisadores-da-catedra-jean-monnet-ufu-projeto-global-crossings-organizam-livro-pela-springer-2\/\"><div calss=\"uc_image_carousel_bg\" style=\"background-image:url(https:\/\/www.globalcrossings.com.br\/wp-content\/uploads\/2025\/08\/IMG_8590-768x1157.jpeg); background-size:cover; background-position:center; height:200px;\"><\/div><\/a>\n  <\/div>\n\n  <div class=\"uc_image_carousel_content\" >\n    <div class=\"ue_post_category\"><a href=\"https:\/\/www.globalcrossings.com.br\/en\/category\/newsletter\/\">Newsletter<\/a><\/div>            <a href=\"https:\/\/www.globalcrossings.com.br\/en\/2025\/08\/20\/coordenadora-e-pesquisadores-da-catedra-jean-monnet-ufu-projeto-global-crossings-organizam-livro-pela-springer-2\/\" style=\"text-decoration:none;\"><div class=\"uc_post_title\" style=\"text-decoration:none;\">COORDENADORA E PESQUISADORES DA C\u00c1TEDRA JEAN MONNET\/UFU\/PROJETO GLOBAL CROSSINGS ORGANIZAM LIVRO PELA SPRINGER<\/div><\/a>    <div class=\"ue_post_intro\">Foi lan\u00e7ado o livro \u2013 Climate Litigation in a Changing World. A Comparative Analysis of Similarities,...<\/div>    <div class=\"ue_post_btn_holder\"><a class=\"uc_more_btn\"  href=\"https:\/\/www.globalcrossings.com.br\/en\/2025\/08\/20\/coordenadora-e-pesquisadores-da-catedra-jean-monnet-ufu-projeto-global-crossings-organizam-livro-pela-springer-2\/\">Leia Mais \/ Read More<\/a><\/div>  <\/div>\n<\/div>\n\n   <\/div>\t\n<\/div>\n\n<!-- --->\n<!-- --->\n<!-- --->\n<!-- end Post Carousel Lite -->\t\t\t\t<\/div>\n\t\t\t\t<\/div>\n\t\t\t\t\t<\/div>\n\t\t<\/div>\n\t\t\t\t\t<\/div>\n\t\t<\/section>\n\t\t\t\t<section class=\"elementor-section elementor-top-section elementor-element elementor-element-8051319 elementor-section-boxed elementor-section-height-default elementor-section-height-default\" data-id=\"8051319\" data-element_type=\"section\" data-e-type=\"section\">\n\t\t\t\t\t\t<div class=\"elementor-container elementor-column-gap-default\">\n\t\t\t\t\t<div class=\"elementor-column elementor-col-25 elementor-top-column elementor-element elementor-element-8f76204\" data-id=\"8f76204\" data-element_type=\"column\" data-e-type=\"column\">\n\t\t\t<div class=\"elementor-widget-wrap\">\n\t\t\t\t\t\t\t<\/div>\n\t\t<\/div>\n\t\t\t\t<div class=\"elementor-column elementor-col-25 elementor-top-column elementor-element elementor-element-2363e07\" data-id=\"2363e07\" data-element_type=\"column\" data-e-type=\"column\">\n\t\t\t<div class=\"elementor-widget-wrap\">\n\t\t\t\t\t\t\t<\/div>\n\t\t<\/div>\n\t\t\t\t<div class=\"elementor-column elementor-col-25 elementor-top-column elementor-element elementor-element-21fef1c\" data-id=\"21fef1c\" data-element_type=\"column\" data-e-type=\"column\">\n\t\t\t<div class=\"elementor-widget-wrap\">\n\t\t\t\t\t\t\t<\/div>\n\t\t<\/div>\n\t\t\t\t<div class=\"elementor-column elementor-col-25 elementor-top-column elementor-element elementor-element-73f4025\" data-id=\"73f4025\" data-element_type=\"column\" data-e-type=\"column\">\n\t\t\t<div class=\"elementor-widget-wrap elementor-element-populated\">\n\t\t\t\t\t\t<div class=\"elementor-element elementor-element-6b99ac2 elementor-widget elementor-widget-html\" data-id=\"6b99ac2\" data-element_type=\"widget\" data-e-type=\"widget\" data-widget_type=\"html.default\">\n\t\t\t\t<div class=\"elementor-widget-container\">\n\t\t\t\t\t<div class=\"tnp tnp-subscription\">\r\n<form method=\"post\" action=\"https:\/\/www.globalcrossings.com.br\/?na=s\">\r\n\r\n<input type=\"hidden\" name=\"nlang\" value=\"\"><div class=\"tnp-field tnp-field-email\"><label for=\"tnp-1\">Assinar Newsletter<\/label>\r\n<input class=\"tnp-email\" type=\"email\" name=\"ne\" id=\"tnp-1\" value=\"Email\" required><\/div>\r\n<div class=\"tnp-field tnp-field-button\"><input class=\"tnp-submit\" type=\"submit\" value=\"Assinar\" >\r\n<\/div>\r\n<\/form>\r\n<\/div>\t\t\t\t<\/div>\n\t\t\t\t<\/div>\n\t\t\t\t\t<\/div>\n\t\t<\/div>\n\t\t\t\t\t<\/div>\n\t\t<\/section>\n\t\t\t\t<\/div>\n\t\t","protected":false},"excerpt":{"rendered":"<p>\u00daltimas atividades English Newsletter &#8211; May, 2023 SECTION 1 &#8211; HEALTH CARE. KOHLL AND DECKER JUDGMENTS Text and translation by Claudia Regina&#8230; Leia Mais \/ Read More Newsletter Newsletter &#8211; Maio\/2023 PROJETO GLOBAL CROSSINGSC\u00c1TEDRA JEAN MONNET\/UFUCOORDENA\u00c7\u00c3O: PROFA. CLAUDIA LOUREIRO SE\u00c7\u00c3O 1: PRINCIPAIS&#8230; Leia Mais \/ Read More English The right to family planning and the [&hellip;]<\/p>\n","protected":false},"author":1,"featured_media":0,"parent":0,"menu_order":0,"comment_status":"closed","ping_status":"closed","template":"","meta":{"footnotes":""},"class_list":["post-116","page","type-page","status-publish","hentry"],"_links":{"self":[{"href":"https:\/\/www.globalcrossings.com.br\/en\/wp-json\/wp\/v2\/pages\/116","targetHints":{"allow":["GET"]}}],"collection":[{"href":"https:\/\/www.globalcrossings.com.br\/en\/wp-json\/wp\/v2\/pages"}],"about":[{"href":"https:\/\/www.globalcrossings.com.br\/en\/wp-json\/wp\/v2\/types\/page"}],"author":[{"embeddable":true,"href":"https:\/\/www.globalcrossings.com.br\/en\/wp-json\/wp\/v2\/users\/1"}],"replies":[{"embeddable":true,"href":"https:\/\/www.globalcrossings.com.br\/en\/wp-json\/wp\/v2\/comments?post=116"}],"version-history":[{"count":48,"href":"https:\/\/www.globalcrossings.com.br\/en\/wp-json\/wp\/v2\/pages\/116\/revisions"}],"predecessor-version":[{"id":654,"href":"https:\/\/www.globalcrossings.com.br\/en\/wp-json\/wp\/v2\/pages\/116\/revisions\/654"}],"wp:attachment":[{"href":"https:\/\/www.globalcrossings.com.br\/en\/wp-json\/wp\/v2\/media?parent=116"}],"curies":[{"name":"wp","href":"https:\/\/api.w.org\/{rel}","templated":true}]}}